{"id":33,"date":"2018-06-26T20:08:02","date_gmt":"2018-06-26T20:08:02","guid":{"rendered":"http:\/\/fehmijaafar.net\/?page_id=33"},"modified":"2023-06-19T00:47:35","modified_gmt":"2023-06-19T05:47:35","slug":"about-me","status":"publish","type":"page","link":"https:\/\/fehmijaafar.net\/fr\/about-me\/","title":{"rendered":"\u00c0 propos"},"content":{"rendered":"<div data-elementor-type=\"wp-post\" data-elementor-id=\"33\" class=\"elementor elementor-33\">\n\t\t\t\t\t\t<section class=\"elementor-section elementor-top-section elementor-element elementor-element-75483e7 elementor-section-stretched elementor-section-boxed elementor-section-height-default elementor-section-height-default\" data-id=\"75483e7\" data-element_type=\"section\" data-settings=\"{&quot;stretch_section&quot;:&quot;section-stretched&quot;,&quot;background_background&quot;:&quot;classic&quot;}\" data-e-bg-lazyload=\"\">\n\t\t\t\t\t\t\t<div class=\"elementor-background-overlay\"><\/div>\n\t\t\t\t\t\t\t<div class=\"elementor-container elementor-column-gap-default\">\n\t\t\t\t\t<div class=\"elementor-column elementor-col-100 elementor-top-column elementor-element elementor-element-c13c86a\" data-id=\"c13c86a\" data-element_type=\"column\">\n\t\t\t<div class=\"elementor-widget-wrap elementor-element-populated\">\n\t\t\t\t\t\t<div class=\"elementor-element elementor-element-5a2a877 elementor-widget elementor-widget-heading\" data-id=\"5a2a877\" data-element_type=\"widget\" data-widget_type=\"heading.default\">\n\t\t\t\t<div class=\"elementor-widget-container\">\n\t\t\t<style>\/*! elementor - v3.19.0 - 07-02-2024 *\/\n.elementor-heading-title{padding:0;margin:0;line-height:1}.elementor-widget-heading .elementor-heading-title[class*=elementor-size-]>a{color:inherit;font-size:inherit;line-height:inherit}.elementor-widget-heading .elementor-heading-title.elementor-size-small{font-size:15px}.elementor-widget-heading .elementor-heading-title.elementor-size-medium{font-size:19px}.elementor-widget-heading .elementor-heading-title.elementor-size-large{font-size:29px}.elementor-widget-heading .elementor-heading-title.elementor-size-xl{font-size:39px}.elementor-widget-heading .elementor-heading-title.elementor-size-xxl{font-size:59px}<\/style><h1 class=\"elementor-heading-title elementor-size-xxl\">Introduction<\/h1>\t\t<\/div>\n\t\t\t\t<\/div>\n\t\t\t\t\t<\/div>\n\t\t<\/div>\n\t\t\t\t\t<\/div>\n\t\t<\/section>\n\t\t\t\t<section class=\"elementor-section elementor-top-section elementor-element elementor-element-2190eaf elementor-section-stretched elementor-section-boxed elementor-section-height-default elementor-section-height-default\" data-id=\"2190eaf\" data-element_type=\"section\" data-settings=\"{&quot;stretch_section&quot;:&quot;section-stretched&quot;,&quot;background_background&quot;:&quot;classic&quot;}\">\n\t\t\t\t\t\t<div class=\"elementor-container elementor-column-gap-default\">\n\t\t\t\t\t<div class=\"elementor-column elementor-col-50 elementor-top-column elementor-element elementor-element-f994d2f\" data-id=\"f994d2f\" data-element_type=\"column\">\n\t\t\t<div class=\"elementor-widget-wrap elementor-element-populated\">\n\t\t\t\t\t\t<div class=\"elementor-element elementor-element-4d5c92e elementor-widget elementor-widget-image\" data-id=\"4d5c92e\" data-element_type=\"widget\" data-widget_type=\"image.default\">\n\t\t\t\t<div class=\"elementor-widget-container\">\n\t\t\t<style>\/*! elementor - v3.19.0 - 07-02-2024 *\/\n.elementor-widget-image{text-align:center}.elementor-widget-image a{display:inline-block}.elementor-widget-image a img[src$=\".svg\"]{width:48px}.elementor-widget-image img{vertical-align:middle;display:inline-block}<\/style>\t\t\t\t\t\t\t\t\t\t<img fetchpriority=\"high\" decoding=\"async\" width=\"284\" height=\"284\" src=\"https:\/\/fehmijaafar.net\/wp-content\/uploads\/2018\/06\/image853.png\" class=\"attachment-medium_large size-medium_large wp-image-55\" alt=\"\" srcset=\"https:\/\/fehmijaafar.net\/wp-content\/uploads\/2018\/06\/image853.png 284w, https:\/\/fehmijaafar.net\/wp-content\/uploads\/2018\/06\/image853-150x150.png 150w\" sizes=\"(max-width: 284px) 100vw, 284px\" \/>\t\t\t\t\t\t\t\t\t\t\t\t\t<\/div>\n\t\t\t\t<\/div>\n\t\t\t\t\t<\/div>\n\t\t<\/div>\n\t\t\t\t<div class=\"elementor-column elementor-col-50 elementor-top-column elementor-element elementor-element-bfdf52d\" data-id=\"bfdf52d\" data-element_type=\"column\">\n\t\t\t<div class=\"elementor-widget-wrap elementor-element-populated\">\n\t\t\t\t\t\t<div class=\"elementor-element elementor-element-4a3ee0d elementor-widget elementor-widget-text-editor\" data-id=\"4a3ee0d\" data-element_type=\"widget\" data-widget_type=\"text-editor.default\">\n\t\t\t\t<div class=\"elementor-widget-container\">\n\t\t\t<style>\/*! elementor - v3.19.0 - 07-02-2024 *\/\n.elementor-widget-text-editor.elementor-drop-cap-view-stacked .elementor-drop-cap{background-color:#69727d;color:#fff}.elementor-widget-text-editor.elementor-drop-cap-view-framed .elementor-drop-cap{color:#69727d;border:3px solid;background-color:transparent}.elementor-widget-text-editor:not(.elementor-drop-cap-view-default) .elementor-drop-cap{margin-top:8px}.elementor-widget-text-editor:not(.elementor-drop-cap-view-default) .elementor-drop-cap-letter{width:1em;height:1em}.elementor-widget-text-editor .elementor-drop-cap{float:left;text-align:center;line-height:1;font-size:50px}.elementor-widget-text-editor .elementor-drop-cap-letter{display:inline-block}<\/style>\t\t\t\t<h3><span style=\"color: #ffffff;\"><strong>Position actuelle <\/strong><\/span><\/h3><ul><li><strong>Professeur Agr\u00e9g\u00e9<\/strong><span style=\"font-variant-ligatures: normal; font-variant-caps: normal; font-family: Roboto, sans-serif; font-size: 14px; font-style: normal; font-weight: 600;\"><br \/><a style=\"font-size: 14px;\" href=\"https:\/\/www.uqac.ca\/dim\/\">l\u2019Universit\u00e9 du Qu\u00e9bec \u00e0 Chicoutimi<\/a>, Chicoutimi, Quebec. Canada.<\/span><\/li><li><strong>Professeur Adjoint Affili\u00e9,<br \/><a href=\"https:\/\/www.concordia.ca\/ginacody\/computer-science-software-eng.html\">CSSE Department at Concordia University<\/a>, Montr\u00e9al, Quebec. Canada.<\/strong><\/li><\/ul><h3><span style=\"color: #ffffff;\"><strong>Auparavant :<\/strong><\/span><\/h3><ul><li style=\"font-size: 14px;\"><span style=\"font-size: 14px; font-weight: 600;\">Chercheur,<br \/><a style=\"font-size: 14px;\" href=\"http:\/\/www.crim.ca\/en\/\">Computer Research Institute<\/a>,\u00a0\u00a0Montr\u00e9al, Quebec. Canada.<\/span><\/li><li><strong>Professeur adjoint,<a href=\"http:\/\/management.concordia.ab.ca\/\"><br \/>Facult\u00e9 de Management, <\/a><a href=\"http:\/\/concordia.ab.ca\/\">L\u2019universit\u00e9 de Concordia \u00e0 Edmonton<\/a>,\u00a0<a href=\"https:\/\/www.edmonton.ca\/\">Edmonton<\/a>, Alberta. Canada<br \/><\/strong><\/li><li><strong>Chercheur postdoctoral,<br \/>l'Universit\u00e9 Queen's<\/strong><\/li><\/ul>\t\t\t\t\t\t<\/div>\n\t\t\t\t<\/div>\n\t\t\t\t\t<\/div>\n\t\t<\/div>\n\t\t\t\t\t<\/div>\n\t\t<\/section>\n\t\t\t\t<section class=\"elementor-section elementor-top-section elementor-element elementor-element-9cf5299 elementor-section-stretched elementor-section-boxed elementor-section-height-default elementor-section-height-default\" data-id=\"9cf5299\" data-element_type=\"section\" data-settings=\"{&quot;stretch_section&quot;:&quot;section-stretched&quot;,&quot;background_background&quot;:&quot;classic&quot;}\" data-e-bg-lazyload=\"\">\n\t\t\t\t\t\t\t<div class=\"elementor-background-overlay\"><\/div>\n\t\t\t\t\t\t\t<div class=\"elementor-container elementor-column-gap-default\">\n\t\t\t\t\t<div class=\"elementor-column elementor-col-100 elementor-top-column elementor-element elementor-element-79a3e59\" data-id=\"79a3e59\" data-element_type=\"column\">\n\t\t\t<div class=\"elementor-widget-wrap elementor-element-populated\">\n\t\t\t\t\t\t<div class=\"elementor-element elementor-element-814a024 elementor-widget elementor-widget-text-editor\" data-id=\"814a024\" data-element_type=\"widget\" data-widget_type=\"text-editor.default\">\n\t\t\t\t<div class=\"elementor-widget-container\">\n\t\t\t\t\t\t\t<h3><span style=\"color: #ffffff;\"><span style=\"text-decoration: underline;\"><strong>Plus d'informations:<\/strong><\/span><\/span><\/h3><p>Je suis actuellement un professeur agr\u00e9g\u00e9 \u00e0\u00a0<a style=\"font-variant-ligatures: normal; font-variant-caps: normal; font-family: Roboto, sans-serif; font-size: 14px; font-style: normal; font-weight: 600; background-color: #12427c;\" href=\"https:\/\/www.uqac.ca\/dim\/\">l\u2019Universit\u00e9 du Qu\u00e9bec \u00e0 Chicoutimi<\/a><span style=\"font-family: Roboto, sans-serif; font-size: 14px; font-style: normal; font-variant-ligatures: normal; font-variant-caps: normal; font-weight: 600; background-color: #12427c;\">, Chicoutimi,<\/span>\u00a0et professeur adjoint affili\u00e9 au <a href=\"http:\/\/www.crim.ca\/en\/\">d\u00e9partement d'informatique et de g\u00e9nie logiciel de l'Universit\u00e9 Concordia.<\/a>\u00a0J'ai eu la subvention \u00e0 la d\u00e9couverte du NSERC pour la p\u00e9riode allant de 2019 \u00e0 2024\u00a0<\/p><p>Auparavant, j\u2019\u00e9tais Chercheur en cybers\u00e9curit\u00e9 \u00e0\u00a0<span style=\"font-family: Roboto, sans-serif; font-size: 14px; font-style: normal; font-variant-ligatures: normal; font-variant-caps: normal; font-weight: 400;\">Researcher\u00a0at the\u00a0<\/span><a style=\"font-family: Roboto, sans-serif; font-size: 14px; font-style: normal; font-variant-ligatures: normal; font-variant-caps: normal; font-weight: 400; background-color: #01727a;\" href=\"http:\/\/www.crim.ca\/en\/\">l'institut de recherche en informatique de Montr\u00e9al<\/a>.\u00a0<span style=\"font-size: 14px;\">Professeur Adjoint \u00e0\u00a0<\/span><a style=\"font-size: 14px; background-color: #01727a;\" href=\"http:\/\/management.concordia.ab.ca\/\">la Facult\u00e9 de gestion \u00e0<\/a><span style=\"font-size: 14px;\">\u00a0\u00e0\u00a0<\/span><a style=\"font-size: 14px; background-color: #01727a;\" href=\"http:\/\/concordia.ab.ca\/\">l'Universit\u00e9 Concordia d'Edmonton.<\/a><span style=\"font-size: 14px;\"> Avant cela, du Octobre 2015 au Ao\u00fbt 2016, j'ai \u00e9t\u00e9 un chercheur postdoctoral \u00e0 Polytechnique Montr\u00e9al et du Janvier 2014 au Avril 2015\u00a0<\/span><span style=\"font-family: Roboto, sans-serif; font-size: 14px; font-style: normal; font-variant-ligatures: normal; font-variant-caps: normal; font-weight: 400;\">un chercheur postdoctoral <\/span><span style=\"font-size: 14px;\">sous la supervision du professeur.\u00a0<\/span><a style=\"font-size: 14px; background-color: #01727a;\" href=\"http:\/\/research.cs.queensu.ca\/~mzulker\/\">Mohammad Zulkernine<\/a><span style=\"font-size: 14px;\">\u00a0\u00e0 l'universit\u00e9 Queen's.<\/span><\/p><p>J'ai obtenu mon doctorat du D\u00e9partement des sciences informatiques et de la recherche op\u00e9rationnelle de l'Universit\u00e9 de Montr\u00e9al en 2013, sous la supervision du professeur.\u00a0<a href=\"http:\/\/www.iro.umontreal.ca\/~hamelsyl\/page_anglais.html\">Sylvie Hamel<\/a>\u00a0et\u00a0<a href=\"http:\/\/www.yann-gael.gueheneuc.net\/Work\/Info\/\">Yann-Ga\u00ebl Gu\u00e9h\u00e9neuc<\/a>. Avant cela, j'ai obtenu mon dipl\u00f4me de ma\u00eetrise en g\u00e9nie logiciel avec mention en juillet 2009 de l'Universit\u00e9 de Tunis en Tunisie.<\/p><p>Ma carri\u00e8re comprend trois types de fonctions: Enseignement, Recherche et Service. En effet, cela implique pr\u00e9senter et publier mes travaux de recherche dans des conf\u00e9rences et des revues avec des comit\u00e9s de lecture, et de s'assoir avec des comit\u00e9s pour la cr\u00e9ation et l'\u00e9valuation de programmes \u00e0 la supervision de la s\u00e9curit\u00e9 en milieu de travail. Je suis membre de l'IEEE. Je parle couramment l'anglais et le fran\u00e7ais. J'ai plusieurs ann\u00e9es d'exp\u00e9rience dans l'industrie au Canada et en Afrique dans les domaines du g\u00e9nie logiciel, de la s\u00e9curit\u00e9 informatique, de l'informatique mobile et Web et de la gestion des processus m\u00e9tiers.<\/p>\t\t\t\t\t\t<\/div>\n\t\t\t\t<\/div>\n\t\t\t\t\t<\/div>\n\t\t<\/div>\n\t\t\t\t\t<\/div>\n\t\t<\/section>\n\t\t\t\t<section class=\"elementor-section elementor-top-section elementor-element elementor-element-b82ccf8 elementor-section-stretched elementor-section-boxed elementor-section-height-default elementor-section-height-default\" data-id=\"b82ccf8\" data-element_type=\"section\" data-settings=\"{&quot;stretch_section&quot;:&quot;section-stretched&quot;,&quot;background_background&quot;:&quot;classic&quot;}\">\n\t\t\t\t\t\t<div class=\"elementor-container elementor-column-gap-default\">\n\t\t\t\t\t<div class=\"elementor-column elementor-col-50 elementor-top-column elementor-element elementor-element-cfc402c\" data-id=\"cfc402c\" data-element_type=\"column\">\n\t\t\t<div class=\"elementor-widget-wrap elementor-element-populated\">\n\t\t\t\t\t\t<div class=\"elementor-element elementor-element-3fd0053 elementor-widget elementor-widget-heading\" data-id=\"3fd0053\" data-element_type=\"widget\" data-widget_type=\"heading.default\">\n\t\t\t\t<div class=\"elementor-widget-container\">\n\t\t\t<h2 class=\"elementor-heading-title elementor-size-default\">\u00c9ducation et Dipl\u00f4mes<\/h2>\t\t<\/div>\n\t\t\t\t<\/div>\n\t\t\t\t<div class=\"elementor-element elementor-element-28063f1 elementor-widget-divider--view-line elementor-widget elementor-widget-divider\" data-id=\"28063f1\" data-element_type=\"widget\" data-widget_type=\"divider.default\">\n\t\t\t\t<div class=\"elementor-widget-container\">\n\t\t\t<style>\/*! elementor - v3.19.0 - 07-02-2024 *\/\n.elementor-widget-divider{--divider-border-style:none;--divider-border-width:1px;--divider-color:#0c0d0e;--divider-icon-size:20px;--divider-element-spacing:10px;--divider-pattern-height:24px;--divider-pattern-size:20px;--divider-pattern-url:none;--divider-pattern-repeat:repeat-x}.elementor-widget-divider .elementor-divider{display:flex}.elementor-widget-divider .elementor-divider__text{font-size:15px;line-height:1;max-width:95%}.elementor-widget-divider .elementor-divider__element{margin:0 var(--divider-element-spacing);flex-shrink:0}.elementor-widget-divider .elementor-icon{font-size:var(--divider-icon-size)}.elementor-widget-divider .elementor-divider-separator{display:flex;margin:0;direction:ltr}.elementor-widget-divider--view-line_icon .elementor-divider-separator,.elementor-widget-divider--view-line_text .elementor-divider-separator{align-items:center}.elementor-widget-divider--view-line_icon .elementor-divider-separator:after,.elementor-widget-divider--view-line_icon .elementor-divider-separator:before,.elementor-widget-divider--view-line_text .elementor-divider-separator:after,.elementor-widget-divider--view-line_text .elementor-divider-separator:before{display:block;content:\"\";border-block-end:0;flex-grow:1;border-block-start:var(--divider-border-width) var(--divider-border-style) var(--divider-color)}.elementor-widget-divider--element-align-left .elementor-divider .elementor-divider-separator>.elementor-divider__svg:first-of-type{flex-grow:0;flex-shrink:100}.elementor-widget-divider--element-align-left .elementor-divider-separator:before{content:none}.elementor-widget-divider--element-align-left .elementor-divider__element{margin-left:0}.elementor-widget-divider--element-align-right .elementor-divider .elementor-divider-separator>.elementor-divider__svg:last-of-type{flex-grow:0;flex-shrink:100}.elementor-widget-divider--element-align-right .elementor-divider-separator:after{content:none}.elementor-widget-divider--element-align-right .elementor-divider__element{margin-right:0}.elementor-widget-divider--element-align-start .elementor-divider .elementor-divider-separator>.elementor-divider__svg:first-of-type{flex-grow:0;flex-shrink:100}.elementor-widget-divider--element-align-start .elementor-divider-separator:before{content:none}.elementor-widget-divider--element-align-start .elementor-divider__element{margin-inline-start:0}.elementor-widget-divider--element-align-end .elementor-divider .elementor-divider-separator>.elementor-divider__svg:last-of-type{flex-grow:0;flex-shrink:100}.elementor-widget-divider--element-align-end .elementor-divider-separator:after{content:none}.elementor-widget-divider--element-align-end .elementor-divider__element{margin-inline-end:0}.elementor-widget-divider:not(.elementor-widget-divider--view-line_text):not(.elementor-widget-divider--view-line_icon) .elementor-divider-separator{border-block-start:var(--divider-border-width) var(--divider-border-style) var(--divider-color)}.elementor-widget-divider--separator-type-pattern{--divider-border-style:none}.elementor-widget-divider--separator-type-pattern.elementor-widget-divider--view-line .elementor-divider-separator,.elementor-widget-divider--separator-type-pattern:not(.elementor-widget-divider--view-line) .elementor-divider-separator:after,.elementor-widget-divider--separator-type-pattern:not(.elementor-widget-divider--view-line) .elementor-divider-separator:before,.elementor-widget-divider--separator-type-pattern:not([class*=elementor-widget-divider--view]) .elementor-divider-separator{width:100%;min-height:var(--divider-pattern-height);-webkit-mask-size:var(--divider-pattern-size) 100%;mask-size:var(--divider-pattern-size) 100%;-webkit-mask-repeat:var(--divider-pattern-repeat);mask-repeat:var(--divider-pattern-repeat);background-color:var(--divider-color);-webkit-mask-image:var(--divider-pattern-url);mask-image:var(--divider-pattern-url)}.elementor-widget-divider--no-spacing{--divider-pattern-size:auto}.elementor-widget-divider--bg-round{--divider-pattern-repeat:round}.rtl .elementor-widget-divider .elementor-divider__text{direction:rtl}.e-con-inner>.elementor-widget-divider,.e-con>.elementor-widget-divider{width:var(--container-widget-width,100%);--flex-grow:var(--container-widget-flex-grow)}<\/style>\t\t<div class=\"elementor-divider\">\n\t\t\t<span class=\"elementor-divider-separator\">\n\t\t\t\t\t\t<\/span>\n\t\t<\/div>\n\t\t\t\t<\/div>\n\t\t\t\t<\/div>\n\t\t\t\t<div class=\"elementor-element elementor-element-868c2dd elementor-widget elementor-widget-text-editor\" data-id=\"868c2dd\" data-element_type=\"widget\" data-widget_type=\"text-editor.default\">\n\t\t\t\t<div class=\"elementor-widget-container\">\n\t\t\t\t\t\t\t<ol><li>2016\/8\u00a0 \u00a0 \u00a0<span style=\"font-family: Roboto, sans-serif; font-size: 14px; font-style: normal; font-variant-ligatures: normal; font-variant-caps: normal; font-weight: 400;\">Post-doctoral, Cybersecurity, Polytechnique Montreal\u00a0 \u00a0 \u00a0 \u00a0 \u00a0 \u00a0 \u00a0 \u00a0 \u00a0 \u00a0 \u00a0 \u00a0 \u00a0 \u00a0 \u00a0 \u00a0 \u00a0 \u00a0 \u00a0 \u00a0 \u00a0 \u00a0 \u00a0 \u00a0 \u00a0 \u00a0 \u00a0 \u00a0 \u00a0Supervisor:\u00a0<\/span><span style=\"font-variant-ligatures: normal; font-variant-caps: normal; font-family: Roboto, sans-serif; font-size: 14px; font-style: normal; font-weight: 400;\">Gabriela Nicolescu,<\/span>\u00a02015\/10 \u2013 2016\/8<\/li><li>2015\/4\u00a0 \u00a0 \u00a0<span style=\"font-family: Roboto, sans-serif; font-size: 14px; font-style: normal; font-variant-ligatures: normal; font-variant-caps: normal; font-weight: 400;\">Post-doctoral,\u00a0<\/span><span style=\"font-variant-ligatures: normal; font-variant-caps: normal; font-family: Roboto, sans-serif; font-size: 14px; font-style: normal; font-weight: 400;\">Cyber-s\u00e9curit\u00e9, L'universit\u00e9 Queen's<\/span><span style=\"font-family: Roboto, sans-serif; font-size: 14px; font-style: normal; font-variant-ligatures: normal; font-variant-caps: normal; font-weight: 400;\">\u00a0 \u00a0 \u00a0 \u00a0 \u00a0 \u00a0 \u00a0 \u00a0 \u00a0 \u00a0 \u00a0 \u00a0Supervisor: Mohammad Zulkernine<\/span>, 2014\/1 \u2013 2015\/4<\/li><li>2013\/12\u00a0 Doctorat, Science de l'informatique, Universit\u00e9 de Montr\u00e9al<br \/>\u00a0 \u00a0 \u00a0 \u00a0 \u00a0 \u00a0 \u00a0 \u00a0 \u00a0 Superviseurs: Sylvie Hamel &amp; Yann-Gael Gu\u00e9h\u00e9neuc, 2009\/9 \u2013 2013\/12<\/li><li>2009\/6\u00a0 \u00a0 \u00a0Maitrise, Science de l'informatique, Universit\u00e9 de Tunis<br \/>\u00a0 \u00a0 \u00a0 \u00a0 \u00a0 \u00a0 \u00a0 \u00a0 \u00a0 Superviseur: Rim Fayez, 2007\/9 \u2013 2009\/07<\/li><li>2007\/6\u00a0 \u00a0 Bachelier, Science de l'informatique, Universit\u00e9 de Tunis<\/li><\/ol>\t\t\t\t\t\t<\/div>\n\t\t\t\t<\/div>\n\t\t\t\t\t<\/div>\n\t\t<\/div>\n\t\t\t\t<div class=\"elementor-column elementor-col-50 elementor-top-column elementor-element elementor-element-460ff2a\" data-id=\"460ff2a\" data-element_type=\"column\">\n\t\t\t<div class=\"elementor-widget-wrap elementor-element-populated\">\n\t\t\t\t\t\t<div class=\"elementor-element elementor-element-dc57d81 elementor-widget elementor-widget-heading\" data-id=\"dc57d81\" data-element_type=\"widget\" id=\"research-interests\" data-widget_type=\"heading.default\">\n\t\t\t\t<div class=\"elementor-widget-container\">\n\t\t\t<h2 class=\"elementor-heading-title elementor-size-default\">Int\u00e9r\u00eats de recherche<\/h2>\t\t<\/div>\n\t\t\t\t<\/div>\n\t\t\t\t<div class=\"elementor-element elementor-element-67e36aa elementor-widget-divider--view-line elementor-widget elementor-widget-divider\" data-id=\"67e36aa\" data-element_type=\"widget\" data-widget_type=\"divider.default\">\n\t\t\t\t<div class=\"elementor-widget-container\">\n\t\t\t\t\t<div class=\"elementor-divider\">\n\t\t\t<span class=\"elementor-divider-separator\">\n\t\t\t\t\t\t<\/span>\n\t\t<\/div>\n\t\t\t\t<\/div>\n\t\t\t\t<\/div>\n\t\t\t\t<div class=\"elementor-element elementor-element-3a775b0 elementor-widget elementor-widget-text-editor\" data-id=\"3a775b0\" data-element_type=\"widget\" data-widget_type=\"text-editor.default\">\n\t\t\t\t<div class=\"elementor-widget-container\">\n\t\t\t\t\t\t\t<ol><li>Internet des objets (IoT)<\/li><li>Qualit\u00e9 et \u00e9volution du logiciel<\/li><li>La cyber-s\u00e9curit\u00e9<\/li><li>Informatique durable<\/li><li>D\u00e9p\u00f4ts de logiciels d\u2019exploitation mini\u00e8re<\/li><li>Cyber \u200b\u200bs\u00e9curit\u00e9 pour l\u2019Internet des choses et les syst\u00e8mes cyber-physiques<\/li><li>Data Protection<\/li><li>Blockchain<\/li><li>Fiabilit\u00e9 des logiciels<\/li><li>Informatique s\u00e9curis\u00e9e Web et mobile<\/li><\/ol>\t\t\t\t\t\t<\/div>\n\t\t\t\t<\/div>\n\t\t\t\t\t<\/div>\n\t\t<\/div>\n\t\t\t\t\t<\/div>\n\t\t<\/section>\n\t\t\t\t<section class=\"elementor-section elementor-top-section elementor-element elementor-element-48182b0 elementor-section-stretched elementor-section-boxed elementor-section-height-default elementor-section-height-default\" data-id=\"48182b0\" data-element_type=\"section\" data-settings=\"{&quot;stretch_section&quot;:&quot;section-stretched&quot;,&quot;background_background&quot;:&quot;classic&quot;}\">\n\t\t\t\t\t\t<div class=\"elementor-container elementor-column-gap-default\">\n\t\t\t\t\t<div class=\"elementor-column elementor-col-100 elementor-top-column elementor-element elementor-element-4194d26\" data-id=\"4194d26\" data-element_type=\"column\">\n\t\t\t<div class=\"elementor-widget-wrap elementor-element-populated\">\n\t\t\t\t\t\t<div class=\"elementor-element elementor-element-eb12aba elementor-widget elementor-widget-heading\" data-id=\"eb12aba\" data-element_type=\"widget\" data-widget_type=\"heading.default\">\n\t\t\t\t<div class=\"elementor-widget-container\">\n\t\t\t<h2 class=\"elementor-heading-title elementor-size-large\">Curriculum Vitae<\/h2>\t\t<\/div>\n\t\t\t\t<\/div>\n\t\t\t\t<div class=\"elementor-element elementor-element-64463f1 elementor-align-center elementor-widget elementor-widget-button\" data-id=\"64463f1\" data-element_type=\"widget\" data-widget_type=\"button.default\">\n\t\t\t\t<div class=\"elementor-widget-container\">\n\t\t\t\t\t<div class=\"elementor-button-wrapper\">\n\t\t\t<a class=\"elementor-button elementor-button-link elementor-size-sm\" href=\"http:\/\/fehmijaafar.net\/wp-content\/uploads\/2023\/06\/CCV-FahmiJaafar-Full_CV.pdf\">\n\t\t\t\t\t\t<span class=\"elementor-button-content-wrapper\">\n\t\t\t\t\t\t<span class=\"elementor-button-icon elementor-align-icon-left\">\n\t\t\t\t<svg aria-hidden=\"true\" class=\"e-font-icon-svg e-far-file-pdf\" viewbox=\"0 0 384 512\" xmlns=\"http:\/\/www.w3.org\/2000\/svg\"><path d=\"M369.9 97.9L286 14C277 5 264.8-.1 252.1-.1H48C21.5 0 0 21.5 0 48v416c0 26.5 21.5 48 48 48h288c26.5 0 48-21.5 48-48V131.9c0-12.7-5.1-25-14.1-34zM332.1 128H256V51.9l76.1 76.1zM48 464V48h160v104c0 13.3 10.7 24 24 24h104v288H48zm250.2-143.7c-12.2-12-47-8.7-64.4-6.5-17.2-10.5-28.7-25-36.8-46.3 3.9-16.1 10.1-40.6 5.4-56-4.2-26.2-37.8-23.6-42.6-5.9-4.4 16.1-.4 38.5 7 67.1-10 23.9-24.9 56-35.4 74.4-20 10.3-47 26.2-51 46.2-3.3 15.8 26 55.2 76.1-31.2 22.4-7.4 46.8-16.5 68.4-20.1 18.9 10.2 41 17 55.8 17 25.5 0 28-28.2 17.5-38.7zm-198.1 77.8c5.1-13.7 24.5-29.5 30.4-35-19 30.3-30.4 35.7-30.4 35zm81.6-190.6c7.4 0 6.7 32.1 1.8 40.8-4.4-13.9-4.3-40.8-1.8-40.8zm-24.4 136.6c9.7-16.9 18-37 24.7-54.7 8.3 15.1 18.9 27.2 30.1 35.5-20.8 4.3-38.9 13.1-54.8 19.2zm131.6-5s-5 6-37.3-7.8c35.1-2.6 40.9 5.4 37.3 7.8z\"><\/path><\/svg>\t\t\t<\/span>\n\t\t\t\t\t\t<span class=\"elementor-button-text\">Version Anglaise<\/span>\n\t\t<\/span>\n\t\t\t\t\t<\/a>\n\t\t<\/div>\n\t\t\t\t<\/div>\n\t\t\t\t<\/div>\n\t\t\t\t\t<\/div>\n\t\t<\/div>\n\t\t\t\t\t<\/div>\n\t\t<\/section>\n\t\t\t\t<\/div>","protected":false},"excerpt":{"rendered":"<p>Introduction Current Position: Associate ProfessorComputer Sciences and Mathematics Department at Quebec University, Chicoutimi, Quebec. Canada. Affiliate Assistant Professor,CSSE Department at Concordia University, Montreal, Quebec. Canada. Previously: Researcher,Computer Research Institute,\u00a0\u00a0Montreal, Quebec. Canada. Adjunct Professor,Faculty of Management, Concordia University of Edmonton,\u00a0Edmonton, Alberta. Canada Postdoctoral fellow,School of Computing Queen&#8217;s University, Kingston, Ontario. Canada. More About me: I am [&hellip;]<\/p>","protected":false},"author":1,"featured_media":0,"parent":0,"menu_order":0,"comment_status":"closed","ping_status":"closed","template":"","meta":{"footnotes":""},"_links":{"self":[{"href":"https:\/\/fehmijaafar.net\/fr\/wp-json\/wp\/v2\/pages\/33"}],"collection":[{"href":"https:\/\/fehmijaafar.net\/fr\/wp-json\/wp\/v2\/pages"}],"about":[{"href":"https:\/\/fehmijaafar.net\/fr\/wp-json\/wp\/v2\/types\/page"}],"author":[{"embeddable":true,"href":"https:\/\/fehmijaafar.net\/fr\/wp-json\/wp\/v2\/users\/1"}],"replies":[{"embeddable":true,"href":"https:\/\/fehmijaafar.net\/fr\/wp-json\/wp\/v2\/comments?post=33"}],"version-history":[{"count":34,"href":"https:\/\/fehmijaafar.net\/fr\/wp-json\/wp\/v2\/pages\/33\/revisions"}],"predecessor-version":[{"id":2275,"href":"https:\/\/fehmijaafar.net\/fr\/wp-json\/wp\/v2\/pages\/33\/revisions\/2275"}],"wp:attachment":[{"href":"https:\/\/fehmijaafar.net\/fr\/wp-json\/wp\/v2\/media?parent=33"}],"curies":[{"name":"wp","href":"https:\/\/api.w.org\/{rel}","templated":true}]}}