{"id":1401,"date":"2018-06-27T17:29:24","date_gmt":"2018-06-27T17:29:24","guid":{"rendered":"http:\/\/fehmijaafar.net\/?page_id=1401"},"modified":"2023-06-21T09:33:29","modified_gmt":"2023-06-21T14:33:29","slug":"funding-and-scholarships-2","status":"publish","type":"page","link":"https:\/\/fehmijaafar.net\/fr\/funding-and-scholarships-2\/","title":{"rendered":"Bourses et Fonds de Recherche"},"content":{"rendered":"<div data-elementor-type=\"wp-post\" data-elementor-id=\"1401\" class=\"elementor elementor-1401\">\n\t\t\t\t\t\t<section class=\"elementor-section elementor-top-section elementor-element elementor-element-588831c elementor-section-stretched elementor-section-boxed elementor-section-height-default elementor-section-height-default\" data-id=\"588831c\" data-element_type=\"section\" data-settings=\"{&quot;stretch_section&quot;:&quot;section-stretched&quot;,&quot;background_background&quot;:&quot;classic&quot;}\" data-e-bg-lazyload=\"\">\n\t\t\t\t\t\t\t<div class=\"elementor-background-overlay\"><\/div>\n\t\t\t\t\t\t\t<div class=\"elementor-container elementor-column-gap-default\">\n\t\t\t\t\t<div class=\"elementor-column elementor-col-100 elementor-top-column elementor-element elementor-element-f9edf7b\" data-id=\"f9edf7b\" data-element_type=\"column\">\n\t\t\t<div class=\"elementor-widget-wrap elementor-element-populated\">\n\t\t\t\t\t\t<div class=\"elementor-element elementor-element-4d924a9 elementor-widget elementor-widget-heading\" data-id=\"4d924a9\" data-element_type=\"widget\" data-widget_type=\"heading.default\">\n\t\t\t\t<div class=\"elementor-widget-container\">\n\t\t\t<style>\/*! elementor - v3.19.0 - 07-02-2024 *\/\n.elementor-heading-title{padding:0;margin:0;line-height:1}.elementor-widget-heading .elementor-heading-title[class*=elementor-size-]>a{color:inherit;font-size:inherit;line-height:inherit}.elementor-widget-heading .elementor-heading-title.elementor-size-small{font-size:15px}.elementor-widget-heading .elementor-heading-title.elementor-size-medium{font-size:19px}.elementor-widget-heading .elementor-heading-title.elementor-size-large{font-size:29px}.elementor-widget-heading .elementor-heading-title.elementor-size-xl{font-size:39px}.elementor-widget-heading .elementor-heading-title.elementor-size-xxl{font-size:59px}<\/style><h2 class=\"elementor-heading-title elementor-size-xl\">Bourses et Fonds de Recherche<\/h2>\t\t<\/div>\n\t\t\t\t<\/div>\n\t\t\t\t\t<\/div>\n\t\t<\/div>\n\t\t\t\t\t<\/div>\n\t\t<\/section>\n\t\t\t\t<section class=\"elementor-section elementor-top-section elementor-element elementor-element-e284aa6 elementor-section-stretched elementor-section-boxed elementor-section-height-default elementor-section-height-default\" data-id=\"e284aa6\" data-element_type=\"section\" data-settings=\"{&quot;stretch_section&quot;:&quot;section-stretched&quot;,&quot;background_background&quot;:&quot;classic&quot;}\">\n\t\t\t\t\t\t<div class=\"elementor-container elementor-column-gap-default\">\n\t\t\t\t\t<div class=\"elementor-column elementor-col-100 elementor-top-column elementor-element elementor-element-3d273b4\" data-id=\"3d273b4\" data-element_type=\"column\">\n\t\t\t<div class=\"elementor-widget-wrap elementor-element-populated\">\n\t\t\t\t\t\t<div class=\"elementor-element elementor-element-3aba403 elementor-widget elementor-widget-shortcode\" data-id=\"3aba403\" data-element_type=\"widget\" data-widget_type=\"shortcode.default\">\n\t\t\t\t<div class=\"elementor-widget-container\">\n\t\t\t\t\t<div class=\"elementor-shortcode\">\n<table id=\"tablepress-1\" class=\"tablepress tablepress-id-1\">\n<thead>\n<tr class=\"row-1\">\n\t<th class=\"column-1\">Ann\u00e9e<\/th><th class=\"column-2\">La Description<\/th>\n<\/tr>\n<\/thead>\n<tbody class=\"row-striping row-hover\">\n<tr class=\"row-2\">\n\t<td class=\"column-1\">2023\/11 - 2026\/6<\/td><td class=\"column-2\">Data Security and Privacy Assurance for Health IoT networks, Grant<br \/>\nSources de financement:<br \/>\nYulcom - Mathematics of Information Technology and Complex Systems (MITACS)<br \/>\nAccelerate program Total Funding - 210,000<br \/>\nPortion of Funding Received - 210,000 Funding Competitive?: Yes<\/td>\n<\/tr>\n<tr class=\"row-3\">\n\t<td class=\"column-1\">2023\/5 - 2028\/5<\/td><td class=\"column-2\">Research Chair on cyberdefense<br \/>\nFunding sources : <br \/>\nDesjardins Group and CyberEco <br \/>\nTotal Funding - 500,000 (Canadian dollar) <br \/>\nPortion of Funding Received - 5000,000 (Canadian dollar) <\/td>\n<\/tr>\n<tr class=\"row-4\">\n\t<td class=\"column-1\">2022\/7 - 2025\/12<\/td><td class=\"column-2\">Ensure the Cyber Resilience in Industry 4.0, Grant<br \/>\nSources de financement:<br \/>\nIdeo Concept Mathematics of Information Technology and Complex Systems (MITACS) Accelerate Program Total Funding - 90,000 (Canadian dollar) <br \/>\nPortion of Funding Received - 90,00<\/td>\n<\/tr>\n<tr class=\"row-5\">\n\t<td class=\"column-1\">2021\/12 - 2024\/12 <\/td><td class=\"column-2\">Programme de recherche sur la s\u00e9curisation de l'internet des objets Durabilit\u00e9, subvention <br \/>\nSources de financement:<br \/>\nNatural Sciences and Engineering Research Council of Canada<br \/>\n(NSERC)<br \/>\nNSERC \u2013 Discovery Grants Program<br \/>\n<i>Total du financement<\/i> \u2013 $127,000<br \/>\nPortion de financement re\u00e7ue - $127,000<br \/>\n<i>Financement concurrentiel?<\/i> - Oui<\/td>\n<\/tr>\n<tr class=\"row-6\">\n\t<td class=\"column-1\">2018\/4 - 2019\/9<\/td><td class=\"column-2\">Autonomous Penetration Testing Using Machine Learning, Grant<br \/>\nSources de financement:<br \/>\nMinist\u00e8re de l'\u00c9conomie, de la Science et de l'Innovation (Quebec) Passeport Innovation<br \/>\nTotal Funding - 75,000<br \/>\nPortion of Funding Received - 75,000 Funding Competitive?: Yes<br \/>\nPM SCADA Cyber Defense<\/td>\n<\/tr>\n<tr class=\"row-7\">\n\t<td class=\"column-1\">2020\/11 - 2021\/6<\/td><td class=\"column-2\">Prot\u00e9ger les plates-formes avioniques militaires contre les cyberattaques<br \/>\nContract <br \/>\nSources de financement:<br \/>\n \u2013 National Defence (Canada)<br \/>\nInnovation for Defence Excellence and Security (IDEaS) <br \/>\n<i>Total du financement<\/i> \u2013 $195,000<br \/>\nPortion of Funding Received - 195,000<br \/>\n<i>Financement concurrentiel?<\/i> - Oui<\/td>\n<\/tr>\n<tr class=\"row-8\">\n\t<td class=\"column-1\">2019\/5 - 2022\/2 <\/td><td class=\"column-2\">S\u00e9curit\u00e9 des donn\u00e9es et protection de la vie priv\u00e9e au LABVI (The Open-Air Smart Living Lab), subvention <br \/>\nSources de financement:<br \/>\nErcison - Videotron - The Quartier de l'Innovation -Mathematics of Information Technology and Complex Systems<br \/>\n(MITACS)<br \/>\nAccelerate program<br \/>\n<i>Total du financement<\/i> \u2013 $83,000<br \/>\nPortion of Funding Received - 83,000<br \/>\n<i>Financement concurrentiel?<\/i> - Oui<\/td>\n<\/tr>\n<tr class=\"row-9\">\n\t<td class=\"column-1\">2019\/4 - 2026\/3 <\/td><td class=\"column-2\">Security and safety of intelligent systems on smart spaces, Grant<br \/>\nSources de financement:<br \/>\nQuartier Innovation Montreal<br \/>\nMathematics of Information Technology and Complex Systems (MITACS)<br \/>\nAccelerate Program<br \/>\nTotal Funding - 90,000 (Canadian dollar) <br \/>\nPortion of Funding Received - 90,000 Funding Competitive?: Yes<\/td>\n<\/tr>\n<tr class=\"row-10\">\n\t<td class=\"column-1\">2018\/11 - 2019\/4 <\/td><td class=\"column-2\">Identification de la source d'une cyberactivit\u00e9 malveillante, Contrat <br \/>\nSources de financement:<br \/>\n \u2013 National Defence (Canada)<br \/>\nInnovation for Defence Excellence and Security (IDEaS) <br \/>\n<i>Total du financement<\/i> \u2013 $165,000<br \/>\nPortion of Funding Received -  80,000<br \/>\n<i>Financement concurrentiel?<\/i> - Oui<\/td>\n<\/tr>\n<tr class=\"row-11\">\n\t<td class=\"column-1\">2018\/11 - 2019\/2<\/td><td class=\"column-2\">Faire face aux cyberattaques contre les infrastructures des villes, Contrat <br \/>\nSources de financement:<br \/>\n \u2013 A Canadian City <br \/>\n<i>Total du financement<\/i> \u2013 $100,000<br \/>\nPortion of Funding Received - 100,000<br \/>\n<i>Financement concurrentiel?<\/i> - Oui<\/td>\n<\/tr>\n<tr class=\"row-12\">\n\t<td class=\"column-1\">2018\/5 - 2018\/8 <br \/>\n<\/td><td class=\"column-2\">Programme de formation et d'\u00e9ducation des \u00e9tudiants (STEP), Bourse<br \/>\nSources de financement:<br \/>\n \u2013 Government of Canada and Government of Alberta<br \/>\nStudent Training and Education Program (STEP) <br \/>\n<i>Total du financement<\/i> \u2013 $10,000<br \/>\nPortion of Funding Received - 10,000 <br \/>\n<i>Financement concurrentiel?<\/i> - Oui<\/td>\n<\/tr>\n<tr class=\"row-13\">\n\t<td class=\"column-1\">2018\/2 \u2013 2018\/12<\/td><td class=\"column-2\">Passeport innovation, Grant<br \/>\nSources de financement:<br \/>\n \u2013 Le Minist\u00e8re de l\u2019\u00c9conomie, de la Science et de l\u2019Innovation and an Industrial Partner<br \/>\nSubventions de recherche et d\u00e9veloppement<br \/>\n<i>Total du financement<\/i> \u2013 $75,000<br \/>\n<i>Financement concurrentiel?<\/i> - Oui<\/td>\n<\/tr>\n<tr class=\"row-14\">\n\t<td class=\"column-1\">2017\/5 \u2013 2018\/8<\/td><td class=\"column-2\">Programme STEP - Analyse de la recherche, subvention<br \/>\nSources de financement:<br \/>\n -Gouvernement du Canada et gouvernement de l'Alberta Subvention de STEP Canada-Alberta<br \/>\n<i>Total du financement<\/i> \u2013 $20,000<br \/>\n <i>Portion de financement re\u00e7ue<\/i> \u2013 $20,000<br \/>\n<i>Financement concurrentiel?<\/i> - Oui<\/td>\n<\/tr>\n<tr class=\"row-15\">\n\t<td class=\"column-1\">2017\/4 \u2013 2018\/3<\/td><td class=\"column-2\"><strong>La subvention du programme de coop\u00e9ration en mati\u00e8re de cybers\u00e9curit\u00e9, Grant <\/strong><br \/>\nSources de financement: <br \/>\n - Le gouvernement canadien - Universit\u00e9 Concordia d'Edmonton Le programme de coop\u00e9ration en mati\u00e8re de cybers\u00e9curit\u00e9 <br \/>\n<i>Total du financement<\/i> \u2013 $20,000 <br \/>\n <i>Portion de financement re\u00e7ue<\/i> \u2013 $20,000 <br \/>\n<i>Financement concurrentiel?<\/i> - Oui<\/td>\n<\/tr>\n<tr class=\"row-16\">\n\t<td class=\"column-1\">2017\/5 - 2018\/8 <\/td><td class=\"column-2\">Private Blockchain Network for IoT Device Firmware Integrity Verification and Update, Grant<br \/>\nSources de financement:<br \/>\nGovernment of Canada and Government of Alberta STEP Canada-Alberta Grant<br \/>\nTotal Funding - 10,000<br \/>\nPortion of Funding Received - 10,000 Funding Competitive?: Yes<\/td>\n<\/tr>\n<tr class=\"row-17\">\n\t<td class=\"column-1\">2017\/10 \u2013 2020\/10<\/td><td class=\"column-2\">Bourse de recherche en s\u00e9curit\u00e9 informatique, bourse de recherche<br \/>\nSources de financement:<br \/>\n -Math\u00e9matiques des technologies de l'information et des syst\u00e8mes complexes (MITACS) Elevateam<br \/>\n<i>Total du financement<\/i> \u2013 $120,000<br \/>\n<i>Portion de financement re\u00e7ue<\/i> \u2013 $60,000<br \/>\n<i>Financement concurrentiel?<\/i> - Oui<\/td>\n<\/tr>\n<tr class=\"row-18\">\n\t<td class=\"column-1\">2014\/11 \u2013 2015\/2<\/td><td class=\"column-2\">Bourse de recherche en informatique Web et mobile, bourse d'\u00e9tudes<br \/>\nSources de financement:<br \/>\n - Math\u00e9matiques des technologies de l'information et des syst\u00e8mes complexes<br \/>\n<i>Total du financement<\/i> \u2013 $90,000<br \/>\n<i>Portion de financement re\u00e7ue<\/i> $15,000<br \/>\n<i>Financement concurrentiel?<\/i> - Oui<\/td>\n<\/tr>\n<tr class=\"row-19\">\n\t<td class=\"column-1\">2012\/12 \u2013 2013\/1<\/td><td class=\"column-2\">Subventions de recherche et d\u00e9veloppement<br \/>\nSources de financement:<br \/>\n \u2013 Agence Qu\u00e9bec Wallonie Bruxelles pour la jeunesse (AQWBJ)<br \/>\nSubventions de recherche et d\u00e9veloppement<br \/>\n<i>Total du financement<\/i> \u2013 $20,000<br \/>\n<i>Portion de financement re\u00e7ue:<\/i> $5000<br \/>\n<i>Financement concurrentiel?<\/i> - Oui<\/td>\n<\/tr>\n<tr class=\"row-20\">\n\t<td class=\"column-1\">2012\/9 \u2013 2013\/9<\/td><td class=\"column-2\">Bourse de doctorat<br \/>\nSources de financement:<br \/>\n \u2013 Facult\u00e9 des \u00e9tudes sup\u00e9rieures de l\u2019Universit\u00e9 de Montr\u00e9al<br \/>\nBourse de doctorat<br \/>\n<i>Total du financement<\/i> \u2013 $12,000<br \/>\n<i>Financement concurrentiel?<\/i> - Oui<\/td>\n<\/tr>\n<tr class=\"row-21\">\n\t<td class=\"column-1\">2009\/9 \u2013 2013\/9<\/td><td class=\"column-2\">Bourse d'excellence<br \/>\nSources de financement:<br \/>\n - Minist\u00e8re de l'Enseignement Sup\u00e9rieur, de la Recherche Scientifique et de la Technologie, Tunisie<br \/>\nBourse d'excellence en informatique<br \/>\n<i>Total du financement<\/i> \u2013 $50,000<br \/>\n<i>Portion de financement re\u00e7ue:<\/i> $50,000<br \/>\n<i>Financement concurrentiel?<\/i> - Oui<\/td>\n<\/tr>\n<tr class=\"row-22\">\n\t<td class=\"column-1\">2009\/9 - 2013\/8<\/td><td class=\"column-2\">Bourse doctorale \u00e0 l'\u00e9tranger<br \/>\nSources de financement:<br \/>\n- Facult\u00e9 des \u00e9tudes sup\u00e9rieures de l'Universit\u00e9 de Montr\u00e9al Doctoral Foreign Scholarship<br \/>\n<i>Total du financement<\/i> - 50,000<br \/>\n<i>Financement concurrentiel?<\/i> - Oui<\/td>\n<\/tr>\n<\/tbody>\n<\/table>\n<\/div>\n\t\t\t\t<\/div>\n\t\t\t\t<\/div>\n\t\t\t\t\t<\/div>\n\t\t<\/div>\n\t\t\t\t\t<\/div>\n\t\t<\/section>\n\t\t\t\t<section class=\"elementor-section elementor-top-section elementor-element elementor-element-d18c5f6 elementor-section-stretched elementor-section-boxed elementor-section-height-default elementor-section-height-default\" data-id=\"d18c5f6\" data-element_type=\"section\" data-settings=\"{&quot;stretch_section&quot;:&quot;section-stretched&quot;,&quot;background_background&quot;:&quot;classic&quot;}\" data-e-bg-lazyload=\"\">\n\t\t\t\t\t\t\t<div class=\"elementor-background-overlay\"><\/div>\n\t\t\t\t\t\t\t<div class=\"elementor-container elementor-column-gap-default\">\n\t\t\t\t\t<div class=\"elementor-column elementor-col-100 elementor-top-column elementor-element elementor-element-37cf18d\" data-id=\"37cf18d\" data-element_type=\"column\">\n\t\t\t<div class=\"elementor-widget-wrap elementor-element-populated\">\n\t\t\t\t\t\t<div class=\"elementor-element elementor-element-9f2ad3a elementor-widget elementor-widget-image\" data-id=\"9f2ad3a\" data-element_type=\"widget\" data-widget_type=\"image.default\">\n\t\t\t\t<div class=\"elementor-widget-container\">\n\t\t\t<style>\/*! elementor - v3.19.0 - 07-02-2024 *\/\n.elementor-widget-image{text-align:center}.elementor-widget-image a{display:inline-block}.elementor-widget-image a img[src$=\".svg\"]{width:48px}.elementor-widget-image img{vertical-align:middle;display:inline-block}<\/style>\t\t\t\t\t\t\t<figure class=\"wp-caption\">\n\t\t\t\t\t\t\t\t\t\t<img fetchpriority=\"high\" decoding=\"async\" width=\"617\" height=\"343\" src=\"https:\/\/fehmijaafar.net\/wp-content\/uploads\/2023\/06\/Stats.png\" class=\"elementor-animation-grow attachment-medium_large size-medium_large wp-image-2265\" alt=\"\" srcset=\"https:\/\/fehmijaafar.net\/wp-content\/uploads\/2023\/06\/Stats.png 617w, https:\/\/fehmijaafar.net\/wp-content\/uploads\/2023\/06\/Stats-300x167.png 300w, https:\/\/fehmijaafar.net\/wp-content\/uploads\/2023\/06\/Stats-18x10.png 18w\" sizes=\"(max-width: 617px) 100vw, 617px\" \/>\t\t\t\t\t\t\t\t\t\t\t<figcaption class=\"widget-image-caption wp-caption-text\">Bourses d'\u00e9tudes et financement depuis 2013<\/figcaption>\n\t\t\t\t\t\t\t\t\t\t<\/figure>\n\t\t\t\t\t\t\t<\/div>\n\t\t\t\t<\/div>\n\t\t\t\t\t<\/div>\n\t\t<\/div>\n\t\t\t\t\t<\/div>\n\t\t<\/section>\n\t\t\t\t<\/div>","protected":false},"excerpt":{"rendered":"<p>Funding and Scholarships Scholarships and Funding since 2013<\/p>","protected":false},"author":1,"featured_media":0,"parent":0,"menu_order":0,"comment_status":"closed","ping_status":"closed","template":"","meta":{"footnotes":""},"_links":{"self":[{"href":"https:\/\/fehmijaafar.net\/fr\/wp-json\/wp\/v2\/pages\/1401"}],"collection":[{"href":"https:\/\/fehmijaafar.net\/fr\/wp-json\/wp\/v2\/pages"}],"about":[{"href":"https:\/\/fehmijaafar.net\/fr\/wp-json\/wp\/v2\/types\/page"}],"author":[{"embeddable":true,"href":"https:\/\/fehmijaafar.net\/fr\/wp-json\/wp\/v2\/users\/1"}],"replies":[{"embeddable":true,"href":"https:\/\/fehmijaafar.net\/fr\/wp-json\/wp\/v2\/comments?post=1401"}],"version-history":[{"count":9,"href":"https:\/\/fehmijaafar.net\/fr\/wp-json\/wp\/v2\/pages\/1401\/revisions"}],"predecessor-version":[{"id":2299,"href":"https:\/\/fehmijaafar.net\/fr\/wp-json\/wp\/v2\/pages\/1401\/revisions\/2299"}],"wp:attachment":[{"href":"https:\/\/fehmijaafar.net\/fr\/wp-json\/wp\/v2\/media?parent=1401"}],"curies":[{"name":"wp","href":"https:\/\/api.w.org\/{rel}","templated":true}]}}